{"id":3631,"date":"2021-02-09T10:22:56","date_gmt":"2021-02-09T10:22:56","guid":{"rendered":"https:\/\/www.landkreise.digital\/?page_id=3631"},"modified":"2025-02-26T15:01:23","modified_gmt":"2025-02-26T13:01:23","slug":"impressum","status":"publish","type":"page","link":"https:\/\/www.landkreise.digital\/index.php\/impressum\/","title":{"rendered":"Impressum"},"content":{"rendered":"<p><div class=\"fusion-fullwidth fullwidth-box fusion-builder-row-1 fusion-flex-container nonhundred-percent-fullwidth non-hundred-percent-height-scrolling\" style=\"background-color: rgba(255,255,255,0);background-position: center center;background-repeat: no-repeat;border-width: 0px 0px 0px 0px;border-color:#eae9e9;border-style:solid;\" ><div class=\"fusion-builder-row fusion-row fusion-flex-align-items-flex-start\" style=\"max-width:1144px;margin-left: calc(-4% \/ 2 );margin-right: calc(-4% \/ 2 );\"><div class=\"fusion-layout-column fusion_builder_column fusion-builder-column-0 fusion_builder_column_1_1 1_1 fusion-flex-column\"><div class=\"fusion-column-wrapper fusion-flex-justify-content-flex-start fusion-content-layout-column\" style=\"background-position:left top;background-repeat:no-repeat;-webkit-background-size:cover;-moz-background-size:cover;-o-background-size:cover;background-size:cover;padding: 0px 0px 0px 0px;\"><style type=\"text\/css\">@media only screen and (max-width:1024px) {.fusion-title.fusion-title-1{margin-top:0px!important; margin-right:0px!important;margin-bottom:30px!important;margin-left:0px!important;}}@media only screen and (max-width:640px) {.fusion-title.fusion-title-1{margin-top:0px!important; margin-right:0px!important;margin-bottom:20px!important; margin-left:0px!important;}}<\/style><div class=\"fusion-title title fusion-title-1 fusion-title-center fusion-title-text fusion-title-size-one\" style=\"margin-top:0px;margin-right:0px;margin-bottom:30px;margin-left:0px;\"><div class=\"title-sep-container title-sep-container-left\"><div class=\"title-sep sep-\" style=\"border-color:#e2e2e2;\"><\/div><\/div><span class=\"awb-title-spacer\"><\/span><h1 class=\"title-heading-center fusion-responsive-typography-calculated\" style=\"margin:0;--fontSize:50;line-height:1.14;\">Impressum<\/h1><span class=\"awb-title-spacer\"><\/span><div class=\"title-sep-container title-sep-container-right\"><div class=\"title-sep sep-\" style=\"border-color:#e2e2e2;\"><\/div><\/div><\/div><div class=\"fusion-separator\" style=\"align-self: center;margin-left: auto;margin-right: auto;margin-bottom:30px;width:100%;max-width:600px;\"><div class=\"fusion-separator-border sep-single sep-solid\" style=\"border-color:#e0dede;border-top-width:1px;\"><\/div><\/div><\/div><style type=\"text\/css\">.fusion-body .fusion-builder-column-0{width:100% !important;margin-top : 0px;margin-bottom : 20px;}.fusion-builder-column-0 > .fusion-column-wrapper {padding-top : 0px !important;padding-right : 0px !important;margin-right : 1.92%;padding-bottom : 0px !important;padding-left : 0px !important;margin-left : 1.92%;}@media only screen and (max-width:1024px) {.fusion-body .fusion-builder-column-0{width:100% !important;order : 0;}.fusion-builder-column-0 > .fusion-column-wrapper {margin-right : 1.92%;margin-left : 1.92%;}}@media only screen and (max-width:640px) {.fusion-body .fusion-builder-column-0{width:100% !important;order : 0;}.fusion-builder-column-0 > .fusion-column-wrapper {margin-right : 1.92%;margin-left : 1.92%;}}<\/style><\/div><\/div><style type=\"text\/css\">.fusion-body .fusion-flex-container.fusion-builder-row-1{ padding-top : 40px;margin-top : 0px;padding-right : 0px;padding-bottom : 60px;margin-bottom : 0px;padding-left : 0px;}<\/style><\/div><div class=\"fusion-fullwidth fullwidth-box fusion-builder-row-2 fusion-flex-container nonhundred-percent-fullwidth non-hundred-percent-height-scrolling\" style=\"background-color: rgba(255,255,255,0);background-position: center center;background-repeat: no-repeat;border-width: 0px 0px 0px 0px;border-color:#eae9e9;border-style:solid;\" ><div class=\"fusion-builder-row fusion-row fusion-flex-align-items-flex-start\" style=\"max-width:1144px;margin-left: calc(-4% \/ 2 );margin-right: calc(-4% \/ 2 );\"><div class=\"fusion-layout-column fusion_builder_column fusion-builder-column-1 fusion_builder_column_1_1 1_1 fusion-flex-column\"><div class=\"fusion-column-wrapper fusion-flex-justify-content-flex-start fusion-content-layout-column\" style=\"background-position:left top;background-repeat:no-repeat;-webkit-background-size:cover;-moz-background-size:cover;-o-background-size:cover;background-size:cover;padding: 0px 4px 0px 0px;\"><div class=\"fusion-text fusion-text-1\" style=\"text-transform:none;\"><p>Das<\/p>\n<p>Fraunhofer-Institut f\u00fcr Experimentelles Software Engineering IESE<br \/>\nFraunhofer-Platz 1<br \/>\n67663 Kaiserslautern<br \/>\nist eine rechtlich nicht selbstst\u00e4ndige Einrichtung der Fraunhofer-Gesellschaft zur F\u00f6rderung der angewandten Forschung e.V.<\/p>\n<p>Hansastra\u00dfe 27 c<br \/>\n80686 M\u00fcnchen<br \/>\nInternet: www.fraunhofer.de<\/p>\n<p><span style=\"color: var(--body_typography-color);font-family: var(--body_typography-font-family);font-size: var(--body_typography-font-size);font-style: var(--body_typography-font-style,normal);font-weight: var(--body_typography-font-weight);letter-spacing: var(--body_typography-letter-spacing)\">E-Mail: info(at)zv.fraunhofer.de<\/span><\/p>\n<p style=\"color: #343a40\">Verantwortlicher Redakteur: Steffen Hess<\/p>\n<p><span style=\"color: var(--body_typography-color);font-family: var(--body_typography-font-family);font-size: var(--body_typography-font-size);font-style: var(--body_typography-font-style,normal);font-weight: var(--body_typography-font-weight);letter-spacing: var(--body_typography-letter-spacing)\">Hinweis: Bei allgemeinen Fragen zum Institut, wenden Sie sich bitte an die unter Kontakt angegebenen Ansprechpartner.<\/span><\/p>\n<p>Umsatzsteuer-Identifikationsnummer gem\u00e4\u00df \u00a7 27 a<br \/>\nUmsatzsteuergesetz: DE 129515865<\/p>\n<p>Registergericht<br \/>\nAmtsgericht M\u00fcnchen<br \/>\nEingetragener Verein<br \/>\nRegister-Nr. VR 4461<\/p>\n<h4 class=\"fusion-responsive-typography-calculated\" style=\"--fontsize: 28;line-height: 1.87;--minfontsize: 28;--fontSize: 28;--minFontSize: 28\" data-fontsize=\"28\" data-lineheight=\"52.3667px\">Vorstand<\/h4>\n<p><strong>Prof. Dr.-Ing. Holger Hanselka<\/strong> | Pr\u00e4sident<br \/><b>Prof. Dr. Constantin H\u00e4fner<\/b> | Mitglied des Vorstands<br \/>\n<strong>Prof. Dr. Axel M\u00fcller-Groeling<\/strong> | Mitglied des Vorstands<br \/>\n<strong>Elisabeth Ewen<\/strong> | Mitglied des Vorstands<br \/>\n<strong>Dr. Sandra Krey<\/strong> | Mitglied des Vorstands<\/p>\n<h4 class=\"fusion-responsive-typography-calculated\" style=\"--fontsize: 28;line-height: 1.87;--minfontsize: 28;--fontSize: 28;--minFontSize: 28\" data-fontsize=\"28\" data-lineheight=\"52.3667px\">Nutzungsrechte<\/h4>\n<p>\u00a9 Fraunhofer-Gesellschaft e.V., M\u00fcnchen<\/p>\n<p>Alle Rechte vorbehalten.<br \/>\nDie Urheberrechte dieser Webseite liegen vollst\u00e4ndig bei der Fraunhofer-Gesellschaft.<\/p>\n<p>Ein Download oder Ausdruck dieser Ver\u00f6ffentlichungen ist ausschlie\u00dflich f\u00fcr den pers\u00f6nlichen Gebrauch gestattet. Alle dar\u00fcber hinaus gehenden Verwendungen, insbesondere die kommerzielle Nutzung und Verbreitung, sind grunds\u00e4tzlich nicht gestattet und bed\u00fcrfen der schriftlichen Genehmigung.<\/p>\n<p>Ein Download oder Ausdruck ist dar\u00fcber hinaus lediglich zum Zweck der Berichterstattung \u00fcber die Fraunhofer-Gesellschaft und ihrer Institute nach Ma\u00dfgabe untenstehender Nutzungsbedingungen gestattet:<\/p>\n<p>Grafische Ver\u00e4nderungen an Bildmotiven &#8211; au\u00dfer zum Freistellen des Hauptmotivs &#8211; sind nicht gestattet. Es ist stets die Quellenangabe und \u00dcbersendung von zwei kostenlosen Belegexemplaren an die oben genannte Adresse erforderlich. Die Verwendung ist honorarfrei.<\/p>\n<h4 class=\"fusion-responsive-typography-calculated\" style=\"--fontsize: 28;line-height: 1.87;--minfontsize: 28;--fontSize: 28;--minFontSize: 28\" data-fontsize=\"28\" data-lineheight=\"52.3667px\">Haftungshinweis<\/h4>\n<p>Wir \u00fcbernehmen keine Haftung f\u00fcr die Inhalte externer Links. F\u00fcr den Inhalt der verlinkten Seiten sind ausschlie\u00dflich deren Betreiber verantwortlich.<\/p>\n<p>Wir sind bem\u00fcht, das Webangebot stets aktuell und inhaltlich richtig sowie vollst\u00e4ndig anzubieten. Dennoch ist das Auftreten von Fehlern nicht v\u00f6llig auszuschlie\u00dfen. Das Fraunhofer-Institut bzw. die Fraunhofer-Gesellschaft \u00fcbernimmt keine Haftung f\u00fcr die Aktualit\u00e4t, die inhaltliche Richtigkeit sowie f\u00fcr die Vollst\u00e4ndigkeit der in ihrem Webangebot eingestellten Informationen. Dies bezieht sich auf eventuelle Sch\u00e4den materieller oder ideeller Art Dritter, die durch die Nutzung dieses Webangebotes verursacht wurden.<\/p>\n<p>Gesch\u00fctzte Marken und Namen, Bilder und Texte werden auf unseren Seiten in der Regel nicht als solche kenntlich gemacht. Das Fehlen einer solchen Kennzeichnung bedeutet jedoch nicht, dass es sich um einen freien Namen, ein freies Bild oder einen freien Text im Sinne des Markenzeichenrechts handelt.<\/p>\n<\/div><\/div><style type=\"text\/css\">.fusion-body .fusion-builder-column-1{width:100% !important;margin-top : 0px;margin-bottom : 20px;}.fusion-builder-column-1 > .fusion-column-wrapper {padding-top : 0px !important;padding-right : 4px !important;margin-right : 1.92%;padding-bottom : 0px !important;padding-left : 0px !important;margin-left : 1.92%;}@media only screen and (max-width:1024px) {.fusion-body .fusion-builder-column-1{width:100% !important;order : 0;}.fusion-builder-column-1 > .fusion-column-wrapper {margin-right : 1.92%;margin-left : 1.92%;}}@media only screen and (max-width:640px) {.fusion-body .fusion-builder-column-1{width:100% !important;order : 0;}.fusion-builder-column-1 > .fusion-column-wrapper {margin-right : 1.92%;margin-left : 1.92%;}}<\/style><\/div><\/div><style type=\"text\/css\">.fusion-body .fusion-flex-container.fusion-builder-row-2{ padding-top : 0px;margin-top : 0px;padding-right : 110px;padding-bottom : 0px;margin-bottom : 0px;padding-left : 110px;}<\/style><\/div><\/p>\n","protected":false},"excerpt":{"rendered":"","protected":false},"author":34,"featured_media":0,"parent":0,"menu_order":0,"comment_status":"closed","ping_status":"closed","template":"","meta":{"footnotes":""},"class_list":["post-3631","page","type-page","status-publish","hentry"],"yoast_head":"<!-- This site is optimized with the Yoast SEO plugin v27.4 - https:\/\/yoast.com\/product\/yoast-seo-wordpress\/ -->\n<title>Impressum - Projekt Smarte.Land.Regionen<\/title>\n<meta name=\"description\" content=\"Im Impressum finden Sie Achschrift, verantwortliche Personen und weitere Informationen zur Webseite des Forschungsprojekts.\" \/>\n<meta name=\"robots\" content=\"index, follow, max-snippet:-1, max-image-preview:large, max-video-preview:-1\" \/>\n<link rel=\"canonical\" href=\"https:\/\/www.landkreise.digital\/index.php\/impressum\/\" \/>\n<meta property=\"og:locale\" content=\"de_DE\" \/>\n<meta property=\"og:type\" content=\"article\" \/>\n<meta property=\"og:title\" content=\"Impressum - Projekt Smarte.Land.Regionen\" \/>\n<meta property=\"og:description\" content=\"Im Impressum finden Sie Achschrift, verantwortliche Personen und weitere Informationen zur Webseite des Forschungsprojekts.\" \/>\n<meta property=\"og:url\" content=\"https:\/\/www.landkreise.digital\/index.php\/impressum\/\" \/>\n<meta property=\"og:site_name\" content=\"Projekt Smarte.Land.Regionen\" \/>\n<meta property=\"article:publisher\" content=\"https:\/\/www.facebook.com\/SLRegionen\" \/>\n<meta property=\"article:modified_time\" content=\"2025-02-26T13:01:23+00:00\" \/>\n<meta name=\"twitter:card\" content=\"summary_large_image\" \/>\n<meta name=\"twitter:site\" content=\"@SLRegionen\" \/>\n<meta name=\"twitter:label1\" content=\"Gesch\u00e4tzte Lesezeit\" \/>\n\t<meta name=\"twitter:data1\" content=\"4\u00a0Minuten\" \/>\n<script type=\"application\/ld+json\" class=\"yoast-schema-graph\">{\"@context\":\"https:\\\/\\\/schema.org\",\"@graph\":[{\"@type\":\"WebPage\",\"@id\":\"https:\\\/\\\/www.landkreise.digital\\\/index.php\\\/impressum\\\/\",\"url\":\"https:\\\/\\\/www.landkreise.digital\\\/index.php\\\/impressum\\\/\",\"name\":\"Impressum - Projekt Smarte.Land.Regionen\",\"isPartOf\":{\"@id\":\"https:\\\/\\\/www.landkreise.digital\\\/#website\"},\"datePublished\":\"2021-02-09T10:22:56+00:00\",\"dateModified\":\"2025-02-26T13:01:23+00:00\",\"description\":\"Im Impressum finden Sie Achschrift, verantwortliche Personen und weitere Informationen zur Webseite des Forschungsprojekts.\",\"breadcrumb\":{\"@id\":\"https:\\\/\\\/www.landkreise.digital\\\/index.php\\\/impressum\\\/#breadcrumb\"},\"inLanguage\":\"de\",\"potentialAction\":[{\"@type\":\"ReadAction\",\"target\":[\"https:\\\/\\\/www.landkreise.digital\\\/index.php\\\/impressum\\\/\"]}]},{\"@type\":\"BreadcrumbList\",\"@id\":\"https:\\\/\\\/www.landkreise.digital\\\/index.php\\\/impressum\\\/#breadcrumb\",\"itemListElement\":[{\"@type\":\"ListItem\",\"position\":1,\"name\":\"Home\",\"item\":\"https:\\\/\\\/www.landkreise.digital\\\/\"},{\"@type\":\"ListItem\",\"position\":2,\"name\":\"Impressum\"}]},{\"@type\":\"WebSite\",\"@id\":\"https:\\\/\\\/www.landkreise.digital\\\/#website\",\"url\":\"https:\\\/\\\/www.landkreise.digital\\\/\",\"name\":\"Projekt Smarte.Land.Regionen\",\"description\":\"Digitale L\u00f6sungen f\u00fcrs Land\",\"publisher\":{\"@id\":\"https:\\\/\\\/www.landkreise.digital\\\/#organization\"},\"potentialAction\":[{\"@type\":\"SearchAction\",\"target\":{\"@type\":\"EntryPoint\",\"urlTemplate\":\"https:\\\/\\\/www.landkreise.digital\\\/?s={search_term_string}\"},\"query-input\":{\"@type\":\"PropertyValueSpecification\",\"valueRequired\":true,\"valueName\":\"search_term_string\"}}],\"inLanguage\":\"de\"},{\"@type\":\"Organization\",\"@id\":\"https:\\\/\\\/www.landkreise.digital\\\/#organization\",\"name\":\"Projekt Smarte.Land.Regionen\",\"url\":\"https:\\\/\\\/www.landkreise.digital\\\/\",\"logo\":{\"@type\":\"ImageObject\",\"inLanguage\":\"de\",\"@id\":\"https:\\\/\\\/www.landkreise.digital\\\/#\\\/schema\\\/logo\\\/image\\\/\",\"url\":\"https:\\\/\\\/www.landkreise.digital\\\/wp-content\\\/uploads\\\/sites\\\/21\\\/2023\\\/02\\\/Landschaftsbild.jpg\",\"contentUrl\":\"https:\\\/\\\/www.landkreise.digital\\\/wp-content\\\/uploads\\\/sites\\\/21\\\/2023\\\/02\\\/Landschaftsbild.jpg\",\"width\":2000,\"height\":1333,\"caption\":\"Projekt Smarte.Land.Regionen\"},\"image\":{\"@id\":\"https:\\\/\\\/www.landkreise.digital\\\/#\\\/schema\\\/logo\\\/image\\\/\"},\"sameAs\":[\"https:\\\/\\\/www.facebook.com\\\/SLRegionen\",\"https:\\\/\\\/x.com\\\/SLRegionen\",\"https:\\\/\\\/www.linkedin.com\\\/in\\\/smarte-land-regionen\\\/\"]}]}<\/script>\n<!-- \/ Yoast SEO plugin. -->","yoast_head_json":{"title":"Impressum - Projekt Smarte.Land.Regionen","description":"Im Impressum finden Sie Achschrift, verantwortliche Personen und weitere Informationen zur Webseite des Forschungsprojekts.","robots":{"index":"index","follow":"follow","max-snippet":"max-snippet:-1","max-image-preview":"max-image-preview:large","max-video-preview":"max-video-preview:-1"},"canonical":"https:\/\/www.landkreise.digital\/index.php\/impressum\/","og_locale":"de_DE","og_type":"article","og_title":"Impressum - Projekt Smarte.Land.Regionen","og_description":"Im Impressum finden Sie Achschrift, verantwortliche Personen und weitere Informationen zur Webseite des Forschungsprojekts.","og_url":"https:\/\/www.landkreise.digital\/index.php\/impressum\/","og_site_name":"Projekt Smarte.Land.Regionen","article_publisher":"https:\/\/www.facebook.com\/SLRegionen","article_modified_time":"2025-02-26T13:01:23+00:00","twitter_card":"summary_large_image","twitter_site":"@SLRegionen","twitter_misc":{"Gesch\u00e4tzte Lesezeit":"4\u00a0Minuten"},"schema":{"@context":"https:\/\/schema.org","@graph":[{"@type":"WebPage","@id":"https:\/\/www.landkreise.digital\/index.php\/impressum\/","url":"https:\/\/www.landkreise.digital\/index.php\/impressum\/","name":"Impressum - Projekt Smarte.Land.Regionen","isPartOf":{"@id":"https:\/\/www.landkreise.digital\/#website"},"datePublished":"2021-02-09T10:22:56+00:00","dateModified":"2025-02-26T13:01:23+00:00","description":"Im Impressum finden Sie Achschrift, verantwortliche Personen und weitere Informationen zur Webseite des Forschungsprojekts.","breadcrumb":{"@id":"https:\/\/www.landkreise.digital\/index.php\/impressum\/#breadcrumb"},"inLanguage":"de","potentialAction":[{"@type":"ReadAction","target":["https:\/\/www.landkreise.digital\/index.php\/impressum\/"]}]},{"@type":"BreadcrumbList","@id":"https:\/\/www.landkreise.digital\/index.php\/impressum\/#breadcrumb","itemListElement":[{"@type":"ListItem","position":1,"name":"Home","item":"https:\/\/www.landkreise.digital\/"},{"@type":"ListItem","position":2,"name":"Impressum"}]},{"@type":"WebSite","@id":"https:\/\/www.landkreise.digital\/#website","url":"https:\/\/www.landkreise.digital\/","name":"Projekt Smarte.Land.Regionen","description":"Digitale L\u00f6sungen f\u00fcrs Land","publisher":{"@id":"https:\/\/www.landkreise.digital\/#organization"},"potentialAction":[{"@type":"SearchAction","target":{"@type":"EntryPoint","urlTemplate":"https:\/\/www.landkreise.digital\/?s={search_term_string}"},"query-input":{"@type":"PropertyValueSpecification","valueRequired":true,"valueName":"search_term_string"}}],"inLanguage":"de"},{"@type":"Organization","@id":"https:\/\/www.landkreise.digital\/#organization","name":"Projekt Smarte.Land.Regionen","url":"https:\/\/www.landkreise.digital\/","logo":{"@type":"ImageObject","inLanguage":"de","@id":"https:\/\/www.landkreise.digital\/#\/schema\/logo\/image\/","url":"https:\/\/www.landkreise.digital\/wp-content\/uploads\/sites\/21\/2023\/02\/Landschaftsbild.jpg","contentUrl":"https:\/\/www.landkreise.digital\/wp-content\/uploads\/sites\/21\/2023\/02\/Landschaftsbild.jpg","width":2000,"height":1333,"caption":"Projekt Smarte.Land.Regionen"},"image":{"@id":"https:\/\/www.landkreise.digital\/#\/schema\/logo\/image\/"},"sameAs":["https:\/\/www.facebook.com\/SLRegionen","https:\/\/x.com\/SLRegionen","https:\/\/www.linkedin.com\/in\/smarte-land-regionen\/"]}]}},"_links":{"self":[{"href":"https:\/\/www.landkreise.digital\/index.php\/wp-json\/wp\/v2\/pages\/3631","targetHints":{"allow":["GET"]}}],"collection":[{"href":"https:\/\/www.landkreise.digital\/index.php\/wp-json\/wp\/v2\/pages"}],"about":[{"href":"https:\/\/www.landkreise.digital\/index.php\/wp-json\/wp\/v2\/types\/page"}],"author":[{"embeddable":true,"href":"https:\/\/www.landkreise.digital\/index.php\/wp-json\/wp\/v2\/users\/34"}],"replies":[{"embeddable":true,"href":"https:\/\/www.landkreise.digital\/index.php\/wp-json\/wp\/v2\/comments?post=3631"}],"version-history":[{"count":5,"href":"https:\/\/www.landkreise.digital\/index.php\/wp-json\/wp\/v2\/pages\/3631\/revisions"}],"predecessor-version":[{"id":6891,"href":"https:\/\/www.landkreise.digital\/index.php\/wp-json\/wp\/v2\/pages\/3631\/revisions\/6891"}],"wp:attachment":[{"href":"https:\/\/www.landkreise.digital\/index.php\/wp-json\/wp\/v2\/media?parent=3631"}],"curies":[{"name":"wp","href":"https:\/\/api.w.org\/{rel}","templated":true}]}}